{"id":164,"date":"2024-11-28T10:44:15","date_gmt":"2024-11-28T09:44:15","guid":{"rendered":"https:\/\/mesternok.hu\/?page_id=164"},"modified":"2024-11-28T13:10:28","modified_gmt":"2024-11-28T12:10:28","slug":"kontakt","status":"publish","type":"page","link":"https:\/\/mesternok.hu\/?page_id=164","title":{"rendered":"Kontakt"},"content":{"rendered":"\n<figure class=\"wp-block-image size-full\"><img loading=\"lazy\" decoding=\"async\" width=\"100\" height=\"100\" src=\"https:\/\/mesternok.hu\/wp-content\/uploads\/2024\/03\/mesternok_logo_kicsi.jpg\" alt=\"\" class=\"wp-image-18\"\/><\/figure>\n\n\n\n<p>N\u0151k az \u00c9p\u00edt\u0151iparban Egyes\u00fclet<\/p>\n\n\n\n<p>C\u00edm: 2462 Martonv\u00e1s\u00e1r De\u00e1k F. u. 18.<\/p>\n\n\n\n<p>Ad\u00f3sz\u00e1m: 19393656-1-07<\/p>\n\n\n\n<p>web: <a href=\"http:\/\/www.mesternok.hu\" data-type=\"link\" data-id=\"www.mesternok.hu\">www.mesternok.hu<\/a><br>email: info (kukac) mesternok.hu<br>telefon: +36 30 98 48 752<br>facebook: <a href=\"https:\/\/www.facebook.com\/mesternok\/\">https:\/\/www.facebook.com\/mesternok\/<\/a><\/p>\n\n\n\n<p><\/p>\n","protected":false},"excerpt":{"rendered":"<p>N\u0151k az \u00c9p\u00edt\u0151iparban Egyes\u00fclet C\u00edm: 2462 Martonv\u00e1s\u00e1r De\u00e1k F. u. 18. Ad\u00f3sz\u00e1m: 19393656-1-07 web: www.mesternok.huemail: info (kukac) mesternok.hutelefon: +36 30 98 48 752facebook: https:\/\/www.facebook.com\/mesternok\/<\/p>\n","protected":false},"author":2,"featured_media":0,"parent":0,"menu_order":0,"comment_status":"closed","ping_status":"closed","template":"","meta":{"footnotes":""},"class_list":["post-164","page","type-page","status-publish","hentry"],"_links":{"self":[{"href":"https:\/\/mesternok.hu\/index.php?rest_route=\/wp\/v2\/pages\/164","targetHints":{"allow":["GET"]}}],"collection":[{"href":"https:\/\/mesternok.hu\/index.php?rest_route=\/wp\/v2\/pages"}],"about":[{"href":"https:\/\/mesternok.hu\/index.php?rest_route=\/wp\/v2\/types\/page"}],"author":[{"embeddable":true,"href":"https:\/\/mesternok.hu\/index.php?rest_route=\/wp\/v2\/users\/2"}],"replies":[{"embeddable":true,"href":"https:\/\/mesternok.hu\/index.php?rest_route=%2Fwp%2Fv2%2Fcomments&post=164"}],"version-history":[{"count":3,"href":"https:\/\/mesternok.hu\/index.php?rest_route=\/wp\/v2\/pages\/164\/revisions"}],"predecessor-version":[{"id":178,"href":"https:\/\/mesternok.hu\/index.php?rest_route=\/wp\/v2\/pages\/164\/revisions\/178"}],"wp:attachment":[{"href":"https:\/\/mesternok.hu\/index.php?rest_route=%2Fwp%2Fv2%2Fmedia&parent=164"}],"curies":[{"name":"wp","href":"https:\/\/api.w.org\/{rel}","templated":true}]}}