{"id":2,"date":"2024-03-15T08:40:57","date_gmt":"2024-03-15T08:40:57","guid":{"rendered":"https:\/\/mesternok.hu\/?page_id=2"},"modified":"2024-11-28T13:11:27","modified_gmt":"2024-11-28T12:11:27","slug":"sample-page","status":"publish","type":"page","link":"https:\/\/mesternok.hu\/?page_id=2","title":{"rendered":"Tags\u00e1g \u00e9s t\u00e1mogat\u00e1s"},"content":{"rendered":"\n<figure class=\"wp-block-image size-full\"><img loading=\"lazy\" decoding=\"async\" width=\"100\" height=\"100\" src=\"https:\/\/mesternok.hu\/wp-content\/uploads\/2024\/03\/mesternok_logo_kicsi.jpg\" alt=\"\" class=\"wp-image-18\"\/><\/figure>\n\n\n\n<h3 class=\"wp-block-heading\"><strong>Szeretn\u00e9l hozz\u00e1nk csatlakozni? \u00d6r\u00f6mmel l\u00e1tunk!<\/strong><\/h3>\n\n\n\n<h2 class=\"wp-block-heading\">Ha az \u00fcgy\u00fcnket szeretn\u00e9d t\u00e1mogatni, legy\u00e9l P\u00e1rtol\u00f3 tag!<\/h2>\n\n\n\n<p>A t\u00e1mogat\u00e1soddal hozz\u00e1j\u00e1rulsz<\/p>\n\n\n\n<ul class=\"wp-block-list\">\n<li>az \u00e9p\u00edt\u0151iparban dolgoz\u00f3 n\u0151i szakemberek szakmai fejl\u0151d\u00e9s\u00e9hez,<\/li>\n\n\n\n<li>az ipar\u00e1g \u00e1ltal\u00e1nos sz\u00ednvonal\u00e1nak emel\u00e9s\u00e9hez,<\/li>\n\n\n\n<li>az \u00e9p\u00edt\u0151iparban lev\u0151 szakemberhi\u00e1ny cs\u00f6kkent\u00e9s\u00e9hez,<\/li>\n\n\n\n<li>a szakter\u00fcleten tapasztalhat\u00f3 el\u0151\u00edt\u00e9letek lebont\u00e1s\u00e1hoz,<\/li>\n\n\n\n<li>a n\u0151k jobb p\u00e9nz\u00fcgyi helyzet\u00e9hez, gazdas\u00e1gi f\u00fcggetlens\u00e9g\u00e9nek megteremt\u00e9s\u00e9hez,<\/li>\n\n\n\n<li>mentor- \u00e9s \u00f6szt\u00f6nd\u00edjprogramok m\u0171k\u00f6dtet\u00e9s\u00e9hez, amellyel p\u00e1lyav\u00e1lt\u00f3 vagy p\u00e1lyakezd\u0151 n\u0151i szakembereknek ny\u00faltunk gyakorlati seg\u00edts\u00e9get.<\/li>\n<\/ul>\n\n\n\n<p>P\u00e1rtol\u00f3 tagjainkat \u00e9vente megh\u00edvjuk egy exkluz\u00edv h\u00e1laesem\u00e9nyre, ahol bemutatjuk a t\u00e1mogat\u00e1suk r\u00e9v\u00e9n el\u00e9rt eredm\u00e9nyeket.<\/p>\n\n\n\n<p>A p\u00e1rtol\u00f3 tags\u00e1g \u00e9ves d\u00edja 15.000 forint. A tags\u00e1gi viszony a bel\u00e9p\u00e9si nyilatkozat kit\u00f6lt\u00e9s\u00e9vel \u00e9s a tagd\u00edj befizet\u00e9s\u00e9vel j\u00f6n l\u00e9tre.<\/p>\n\n\n\n<h2 class=\"wp-block-heading\">Ha \u00e9p\u00edt\u0151ipari szakember vagy, jelentkezz Mestertagnak! Mi\u00e9rt \u00e9ri ez meg neked?<\/h2>\n\n\n\n<ul class=\"wp-block-list\">\n<li>R\u00e9szt vehetsz negyed\u00e9vente a Mestern\u0151k networking napon.<\/li>\n\n\n\n<li>Rendszeresen lehet\u0151s\u00e9get biztos\u00edtunk arra, hogy kapcsolatba ker\u00fclhess m\u00e1s ipar\u00e1gi szerepl\u0151kkel, p\u00e9ld\u00e1ul tervez\u0151kkel, kivitelez\u0151kkel, besz\u00e1ll\u00edt\u00f3kkal.<\/li>\n\n\n\n<li>Kedvezm\u00e9nyes \u00e1ron vehetsz r\u00e9szt az \u00e1ltalunk szervezett speci\u00e1lis tr\u00e9ningeken, webin\u00e1riumokon vagy k\u00e9pz\u00e9seken.<\/li>\n\n\n\n<li>Bel\u00e9phetsz a Mestertagok r\u00e9sz\u00e9re l\u00e9trehozott priv\u00e1t csoportba, ahol \u00e9p\u00edt\u0151ipari trendekr\u0151l, innov\u00e1ci\u00f3kr\u00f3l, egy\u00e9b szakmai k\u00e9rd\u00e9sekr\u0151l, de ak\u00e1r a t\u00e9ged \u00e9rint\u0151 helyzetekr\u0151l, neh\u00e9zs\u00e9gekr\u0151l besz\u00e9lgethetsz a tagokkal.<\/li>\n\n\n\n<li>Ingyen vehetsz r\u00e9szt az \u00e9vente n\u00e9gy alkalommal tartott p\u00e9nz\u00fcgyi, jogi, szakmai tan\u00e1csad\u00e1si napok egyik\u00e9n, ahol szem\u00e9lyre szabott, szakir\u00e1ny\u00fa seg\u00edts\u00e9get, eligaz\u00edt\u00e1st kaphatsz.<\/li>\n\n\n\n<li>A nevedet felt\u00fcntetj\u00fck a honlapunkon, \u00edgy a nyilv\u00e1noss\u00e1g sz\u00e1m\u00e1ra is igazolhat\u00f3, hogy az Etikai k\u00f3dex\u00fcnk alapj\u00e1n v\u00e9gzed a munk\u00e1dat.<\/li>\n<\/ul>\n\n\n\n<p>A Mestertags\u00e1g \u00e9ves d\u00edja 30.000 forint. A tags\u00e1gi viszony a megfelel\u0151en kit\u00f6lt\u00f6tt bel\u00e9p\u00e9si nyilatkozat beny\u00fajt\u00e1s\u00e1val, annak egyes\u00fcleti j\u00f3v\u00e1hagy\u00e1s\u00e1val, majd ezt k\u00f6vet\u0151en a tagd\u00edj befizet\u00e9s\u00e9vel j\u00f6n l\u00e9tre.<\/p>\n\n\n\n<h3 class=\"wp-block-heading\">Regisztr\u00e1ci\u00f3\/Bel\u00e9p\u00e9s<\/h3>\n\n\n\n<p>Kedves leend\u0151 tagunk, regisztr\u00e1ci\u00f3hoz kattints az al\u00e1bbi gombra, \u00e9s k\u00f6vesd a regisztr\u00e1ci\u00f3s oldal utas\u00edt\u00e1sait!<\/p>\n\n\n\n<p>Az egyes\u00fclethez k\u00e9t tags\u00e1gi form\u00e1ban lehet csatlakozni, szakm\u00e1ban dolgoz\u00f3 mestern\u0151k\u00e9nt (ez a forma tov\u00e1bbi el\u0151ny\u00f6ket jelent az egyes\u00fclet tagjak\u00e9nt) vagy p\u00e1rtol\u00f3 tagk\u00e9nt.<\/p>\n\n\n\n<p>Mestern\u0151 tagd\u00edja: 30.000Ft\/\u00e9v<br>P\u00e1rtol\u00f3 tag tagd\u00edja: 15.000Ft\/\u00e9v<\/p>\n\n\n\n<div class=\"wp-block-buttons is-content-justification-center is-layout-flex wp-container-core-buttons-is-layout-a89b3969 wp-block-buttons-is-layout-flex\">\n<div class=\"wp-block-button is-style-outline is-style-outline--1\"><a class=\"wp-block-button__link has-text-align-center wp-element-button\" href=\"https:\/\/egyesuletonline.hu\/regisztracio\/nok-az-epitoiparban-egyesulet\">Regisztr\u00e1ci\u00f3<\/a><\/div>\n<\/div>\n\n\n\n<blockquote class=\"wp-block-quote is-layout-flow wp-block-quote-is-layout-flow\">\n<p>Megl\u00e9v\u0151 tags\u00e1g eset\u00e9n:<\/p>\n\n\n\n<p><\/p>\n<\/blockquote>\n\n\n\n<p><\/p>\n\n\n\n<div class=\"wp-block-buttons is-content-justification-center is-layout-flex wp-container-core-buttons-is-layout-a89b3969 wp-block-buttons-is-layout-flex\">\n<div class=\"wp-block-button is-style-outline is-style-outline--2\"><a class=\"wp-block-button__link wp-element-button\" href=\"https:\/\/egyesuletonline.hu\/login\/nok-az-epitoiparban-egyesulet\">Bel\u00e9p\u00e9s<\/a><\/div>\n<\/div>\n\n\n\n<p><\/p>\n","protected":false},"excerpt":{"rendered":"<p>Szeretn\u00e9l hozz\u00e1nk csatlakozni? \u00d6r\u00f6mmel l\u00e1tunk! Ha az \u00fcgy\u00fcnket szeretn\u00e9d t\u00e1mogatni, legy\u00e9l P\u00e1rtol\u00f3 tag! A t\u00e1mogat\u00e1soddal hozz\u00e1j\u00e1rulsz P\u00e1rtol\u00f3 tagjainkat \u00e9vente megh\u00edvjuk egy exkluz\u00edv h\u00e1laesem\u00e9nyre, ahol bemutatjuk a t\u00e1mogat\u00e1suk r\u00e9v\u00e9n el\u00e9rt eredm\u00e9nyeket. A p\u00e1rtol\u00f3 tags\u00e1g \u00e9ves d\u00edja 15.000 forint. A tags\u00e1gi viszony a bel\u00e9p\u00e9si nyilatkozat kit\u00f6lt\u00e9s\u00e9vel \u00e9s a tagd\u00edj befizet\u00e9s\u00e9vel j\u00f6n l\u00e9tre. Ha \u00e9p\u00edt\u0151ipari szakember vagy, jelentkezz [&hellip;]<\/p>\n","protected":false},"author":1,"featured_media":0,"parent":0,"menu_order":0,"comment_status":"closed","ping_status":"closed","template":"","meta":{"footnotes":""},"class_list":["post-2","page","type-page","status-publish","hentry"],"_links":{"self":[{"href":"https:\/\/mesternok.hu\/index.php?rest_route=\/wp\/v2\/pages\/2","targetHints":{"allow":["GET"]}}],"collection":[{"href":"https:\/\/mesternok.hu\/index.php?rest_route=\/wp\/v2\/pages"}],"about":[{"href":"https:\/\/mesternok.hu\/index.php?rest_route=\/wp\/v2\/types\/page"}],"author":[{"embeddable":true,"href":"https:\/\/mesternok.hu\/index.php?rest_route=\/wp\/v2\/users\/1"}],"replies":[{"embeddable":true,"href":"https:\/\/mesternok.hu\/index.php?rest_route=%2Fwp%2Fv2%2Fcomments&post=2"}],"version-history":[{"count":5,"href":"https:\/\/mesternok.hu\/index.php?rest_route=\/wp\/v2\/pages\/2\/revisions"}],"predecessor-version":[{"id":179,"href":"https:\/\/mesternok.hu\/index.php?rest_route=\/wp\/v2\/pages\/2\/revisions\/179"}],"wp:attachment":[{"href":"https:\/\/mesternok.hu\/index.php?rest_route=%2Fwp%2Fv2%2Fmedia&parent=2"}],"curies":[{"name":"wp","href":"https:\/\/api.w.org\/{rel}","templated":true}]}}